{"id":221,"date":"2020-10-09T13:17:05","date_gmt":"2020-10-09T11:17:05","guid":{"rendered":"http:\/\/www.biospheretn.com\/?page_id=221"},"modified":"2020-10-13T23:16:40","modified_gmt":"2020-10-13T21:16:40","slug":"references","status":"publish","type":"page","link":"http:\/\/www.biospheretn.com\/en\/references\/","title":{"rendered":"References"},"content":{"rendered":"<p>&nbsp;&nbsp;<\/p>","protected":false},"excerpt":{"rendered":"<p>&nbsp;&nbsp;<\/p>\n","protected":false},"author":1,"featured_media":0,"parent":0,"menu_order":0,"comment_status":"closed","ping_status":"closed","template":"","meta":[],"yoast_head":"<!-- This site is optimized with the Yoast SEO plugin v15.3 - https:\/\/yoast.com\/wordpress\/plugins\/seo\/ -->\n<title>References | Biosphere, \u00e9quippement m\u00e9dicale tunisie, consommable m\u00e9dical tunisie, r\u00e9actif de laboratoire tunisie, \u00e9quipement de st\u00e9rilisation tunisie<\/title>\n<meta name=\"robots\" content=\"index, follow, max-snippet:-1, max-image-preview:large, max-video-preview:-1\" \/>\n<link rel=\"canonical\" href=\"http:\/\/www.biospheretn.com\/references\/\" \/>\n<meta property=\"og:locale\" content=\"en_US\" \/>\n<meta property=\"og:type\" content=\"article\" \/>\n<meta property=\"og:title\" content=\"[:fr]R\u00e9f\u00e9rences[:en]References[:] | Biosphere, \u00e9quippement m\u00e9dicale tunisie, consommable m\u00e9dical tunisie, r\u00e9actif de laboratoire tunisie, \u00e9quipement de st\u00e9rilisation tunisie\" \/>\n<meta property=\"og:description\" content=\"&nbsp;&nbsp;\" \/>\n<meta property=\"og:url\" content=\"http:\/\/www.biospheretn.com\/references\/\" \/>\n<meta property=\"og:site_name\" content=\"Biosphere, \u00e9quippement m\u00e9dicale tunisie, consommable m\u00e9dical tunisie, r\u00e9actif de laboratoire tunisie, \u00e9quipement de st\u00e9rilisation tunisie\" \/>\n<meta property=\"article:publisher\" content=\"https:\/\/www.facebook.com\/Biosphere.B.T\" \/>\n<meta property=\"article:modified_time\" content=\"2020-10-13T21:16:40+00:00\" \/>\n<meta name=\"twitter:card\" content=\"summary_large_image\" \/>\n<meta name=\"twitter:label1\" content=\"Written by\">\n\t<meta name=\"twitter:data1\" content=\"g2000mtd\">\n\t<meta name=\"twitter:label2\" content=\"Est. reading time\">\n\t<meta name=\"twitter:data2\" content=\"0 minutes\">\n<script type=\"application\/ld+json\" class=\"yoast-schema-graph\">{\"@context\":\"https:\/\/schema.org\",\"@graph\":[{\"@type\":\"WebSite\",\"@id\":\"https:\/\/www.biospheretn.com\/#website\",\"url\":\"https:\/\/www.biospheretn.com\/\",\"name\":\"Biosphere, \\u00e9quippement m\\u00e9dicale tunisie, consommable m\\u00e9dical tunisie, r\\u00e9actif de laboratoire tunisie, \\u00e9quipement de st\\u00e9rilisation tunisie\",\"description\":\"Equipement de laboratoire tunisie, consommable de laboratoire tunisie, \\u00e9quipement dentaire tunisie\",\"potentialAction\":[{\"@type\":\"SearchAction\",\"target\":\"https:\/\/www.biospheretn.com\/?s={search_term_string}\",\"query-input\":\"required name=search_term_string\"}],\"inLanguage\":\"en-US\"},{\"@type\":\"WebPage\",\"@id\":\"http:\/\/www.biospheretn.com\/references\/#webpage\",\"url\":\"http:\/\/www.biospheretn.com\/references\/\",\"name\":\"[:fr]R\\u00e9f\\u00e9rences[:en]References[:] | Biosphere, \\u00e9quippement m\\u00e9dicale tunisie, consommable m\\u00e9dical tunisie, r\\u00e9actif de laboratoire tunisie, \\u00e9quipement de st\\u00e9rilisation tunisie\",\"isPartOf\":{\"@id\":\"https:\/\/www.biospheretn.com\/#website\"},\"datePublished\":\"2020-10-09T11:17:05+00:00\",\"dateModified\":\"2020-10-13T21:16:40+00:00\",\"inLanguage\":\"en-US\",\"potentialAction\":[{\"@type\":\"ReadAction\",\"target\":[\"http:\/\/www.biospheretn.com\/references\/\"]}]}]}<\/script>\n<!-- \/ Yoast SEO plugin. -->","_links":{"self":[{"href":"http:\/\/www.biospheretn.com\/en\/wp-json\/wp\/v2\/pages\/221"}],"collection":[{"href":"http:\/\/www.biospheretn.com\/en\/wp-json\/wp\/v2\/pages"}],"about":[{"href":"http:\/\/www.biospheretn.com\/en\/wp-json\/wp\/v2\/types\/page"}],"author":[{"embeddable":true,"href":"http:\/\/www.biospheretn.com\/en\/wp-json\/wp\/v2\/users\/1"}],"replies":[{"embeddable":true,"href":"http:\/\/www.biospheretn.com\/en\/wp-json\/wp\/v2\/comments?post=221"}],"version-history":[{"count":3,"href":"http:\/\/www.biospheretn.com\/en\/wp-json\/wp\/v2\/pages\/221\/revisions"}],"predecessor-version":[{"id":527,"href":"http:\/\/www.biospheretn.com\/en\/wp-json\/wp\/v2\/pages\/221\/revisions\/527"}],"wp:attachment":[{"href":"http:\/\/www.biospheretn.com\/en\/wp-json\/wp\/v2\/media?parent=221"}],"curies":[{"name":"wp","href":"https:\/\/api.w.org\/{rel}","templated":true}]}}