{"id":15,"date":"2020-10-07T19:26:51","date_gmt":"2020-10-07T17:26:51","guid":{"rendered":"http:\/\/www.biospheretn.com\/?page_id=15"},"modified":"2022-03-18T17:25:38","modified_gmt":"2022-03-18T16:25:38","slug":"contact","status":"publish","type":"page","link":"http:\/\/www.biospheretn.com\/en\/contact\/","title":{"rendered":"Contact Us"},"content":{"rendered":"<p>&nbsp;&nbsp;<\/p>","protected":false},"excerpt":{"rendered":"<p>&nbsp;&nbsp;<\/p>\n","protected":false},"author":1,"featured_media":0,"parent":0,"menu_order":0,"comment_status":"closed","ping_status":"closed","template":"","meta":[],"yoast_head":"<!-- This site is optimized with the Yoast SEO plugin v15.3 - https:\/\/yoast.com\/wordpress\/plugins\/seo\/ -->\n<title>Contact Us | Biosphere, \u00e9quippement m\u00e9dicale tunisie, consommable m\u00e9dical tunisie, r\u00e9actif de laboratoire tunisie, \u00e9quipement de st\u00e9rilisation tunisie<\/title>\n<meta name=\"robots\" content=\"index, follow, max-snippet:-1, max-image-preview:large, max-video-preview:-1\" \/>\n<link rel=\"canonical\" href=\"https:\/\/www.biospheretn.com\/en\/contact\/\" \/>\n<meta property=\"og:locale\" content=\"en_US\" \/>\n<meta property=\"og:type\" content=\"article\" \/>\n<meta property=\"og:title\" content=\"[:fr]Nous Contacter [:en]Contact Us[:] | Biosphere, \u00e9quippement m\u00e9dicale tunisie, consommable m\u00e9dical tunisie, r\u00e9actif de laboratoire tunisie, \u00e9quipement de st\u00e9rilisation tunisie\" \/>\n<meta property=\"og:description\" content=\"&nbsp;&nbsp;\" \/>\n<meta property=\"og:url\" content=\"https:\/\/www.biospheretn.com\/en\/contact\/\" \/>\n<meta property=\"og:site_name\" content=\"Biosphere, \u00e9quippement m\u00e9dicale tunisie, consommable m\u00e9dical tunisie, r\u00e9actif de laboratoire tunisie, \u00e9quipement de st\u00e9rilisation tunisie\" \/>\n<meta property=\"article:publisher\" content=\"https:\/\/www.facebook.com\/Biosphere.B.T\" \/>\n<meta property=\"article:modified_time\" content=\"2022-03-18T16:25:38+00:00\" \/>\n<meta name=\"twitter:card\" content=\"summary_large_image\" \/>\n<meta name=\"twitter:label1\" content=\"Written by\">\n\t<meta name=\"twitter:data1\" content=\"g2000mtd\">\n\t<meta name=\"twitter:label2\" content=\"Est. reading time\">\n\t<meta name=\"twitter:data2\" content=\"0 minutes\">\n<script type=\"application\/ld+json\" class=\"yoast-schema-graph\">{\"@context\":\"https:\/\/schema.org\",\"@graph\":[{\"@type\":\"WebSite\",\"@id\":\"https:\/\/www.biospheretn.com\/#website\",\"url\":\"https:\/\/www.biospheretn.com\/\",\"name\":\"Biosphere, \\u00e9quippement m\\u00e9dicale tunisie, consommable m\\u00e9dical tunisie, r\\u00e9actif de laboratoire tunisie, \\u00e9quipement de st\\u00e9rilisation tunisie\",\"description\":\"Equipement de laboratoire tunisie, consommable de laboratoire tunisie, \\u00e9quipement dentaire tunisie\",\"potentialAction\":[{\"@type\":\"SearchAction\",\"target\":\"https:\/\/www.biospheretn.com\/?s={search_term_string}\",\"query-input\":\"required name=search_term_string\"}],\"inLanguage\":\"en-US\"},{\"@type\":\"WebPage\",\"@id\":\"https:\/\/www.biospheretn.com\/en\/contact\/#webpage\",\"url\":\"https:\/\/www.biospheretn.com\/en\/contact\/\",\"name\":\"[:fr]Nous Contacter [:en]Contact Us[:] | Biosphere, \\u00e9quippement m\\u00e9dicale tunisie, consommable m\\u00e9dical tunisie, r\\u00e9actif de laboratoire tunisie, \\u00e9quipement de st\\u00e9rilisation tunisie\",\"isPartOf\":{\"@id\":\"https:\/\/www.biospheretn.com\/#website\"},\"datePublished\":\"2020-10-07T17:26:51+00:00\",\"dateModified\":\"2022-03-18T16:25:38+00:00\",\"inLanguage\":\"en-US\",\"potentialAction\":[{\"@type\":\"ReadAction\",\"target\":[\"https:\/\/www.biospheretn.com\/en\/contact\/\"]}]}]}<\/script>\n<!-- \/ Yoast SEO plugin. -->","_links":{"self":[{"href":"http:\/\/www.biospheretn.com\/en\/wp-json\/wp\/v2\/pages\/15"}],"collection":[{"href":"http:\/\/www.biospheretn.com\/en\/wp-json\/wp\/v2\/pages"}],"about":[{"href":"http:\/\/www.biospheretn.com\/en\/wp-json\/wp\/v2\/types\/page"}],"author":[{"embeddable":true,"href":"http:\/\/www.biospheretn.com\/en\/wp-json\/wp\/v2\/users\/1"}],"replies":[{"embeddable":true,"href":"http:\/\/www.biospheretn.com\/en\/wp-json\/wp\/v2\/comments?post=15"}],"version-history":[{"count":7,"href":"http:\/\/www.biospheretn.com\/en\/wp-json\/wp\/v2\/pages\/15\/revisions"}],"predecessor-version":[{"id":923,"href":"http:\/\/www.biospheretn.com\/en\/wp-json\/wp\/v2\/pages\/15\/revisions\/923"}],"wp:attachment":[{"href":"http:\/\/www.biospheretn.com\/en\/wp-json\/wp\/v2\/media?parent=15"}],"curies":[{"name":"wp","href":"https:\/\/api.w.org\/{rel}","templated":true}]}}